{"id":7561,"date":"2022-09-05T18:56:54","date_gmt":"2022-09-05T18:56:54","guid":{"rendered":"https:\/\/turismoguadalcanal.com\/politica-de-privacidad-y-cookies\/"},"modified":"2022-09-21T17:15:37","modified_gmt":"2022-09-21T17:15:37","slug":"politica-de-privacidad-y-cookies","status":"publish","type":"page","link":"https:\/\/turismoguadalcanal.com\/pt-pt\/politica-de-privacidad-y-cookies\/","title":{"rendered":"Pol\u00edtica de Privacidade e Cookies"},"content":{"rendered":"\t\t<div data-elementor-type=\"wp-page\" data-elementor-id=\"7561\" class=\"elementor elementor-7561\" data-elementor-post-type=\"page\">\n\t\t\t\t\t\t<section class=\"elementor-section elementor-top-section elementor-element elementor-element-f36a280 elementor-section-boxed elementor-section-gap-beside-yes elementor-section-height-default elementor-section-height-default elementor-section-column-vertical-align-stretch\" data-id=\"f36a280\" data-element_type=\"section\">\n\t\t\t\t\t\t<div class=\"elementor-container elementor-column-gap-extended\">\n\t\t\t\t\t<div class=\"elementor-column elementor-col-100 elementor-top-column elementor-element elementor-element-2c93338\" data-id=\"2c93338\" data-element_type=\"column\">\n\t\t\t<div class=\"elementor-widget-wrap elementor-element-populated\">\n\t\t\t\t\t\t\t<\/div>\n\t\t<\/div>\n\t\t\t\t\t<\/div>\n\t\t<\/section>\n\t\t\t\t<section class=\"elementor-section elementor-top-section elementor-element elementor-element-185e9b2 elementor-section-boxed elementor-section-gap-beside-yes elementor-section-height-default elementor-section-height-default elementor-section-column-vertical-align-stretch\" data-id=\"185e9b2\" data-element_type=\"section\">\n\t\t\t\t\t\t<div class=\"elementor-container elementor-column-gap-extended\">\n\t\t\t\t\t<div class=\"elementor-column elementor-col-100 elementor-top-column elementor-element elementor-element-3ac1b07\" data-id=\"3ac1b07\" data-element_type=\"column\">\n\t\t\t<div class=\"elementor-widget-wrap elementor-element-populated\">\n\t\t\t\t\t\t<div class=\"elementor-element elementor-element-337777a elementor-widget elementor-widget-text-editor\" data-id=\"337777a\" data-element_type=\"widget\" data-widget_type=\"text-editor.default\">\n\t\t\t\t<div class=\"elementor-widget-container\">\n\t\t\t\t\t\t\t\t\t<div data-id=\"b087318\" data-element_type=\"widget\" data-widget_type=\"text-editor.default\"><div><strong style=\"letter-spacing: inherit;\">S\u00edtio Web: <\/strong>turismoguadalcanal o<strong> nosso s\u00edtio web&#8221; Email:\u00a0<\/strong><span style=\"color: var( --e-global-color-text ); letter-spacing: inherit;\">\u00a0<\/span><span style=\"color: #5d5d5d; letter-spacing: inherit;\">guadalcanal@dipusevilla.es<\/span><span style=\"color: var( --e-global-color-text ); letter-spacing: inherit;\">, en adelante <strong>&#8220;O nosso endere\u00e7o electr\u00f3nico: Endere\u00e7o:<\/strong> Pl. Espana, 1, 41390 Guadalcanal, Sevilha, Espanha Para navegar no nosso website n\u00e3o necessita de fornecer quaisquer dados, o nosso website cumpre os regulamentos de protec\u00e7\u00e3o de dados, ou seja, a Lei 15\/1999 de 13 de Dezembro sobre a Protec\u00e7\u00e3o de Dados Pessoais, os seus regulamentos de implementa\u00e7\u00e3o, e outros regulamentos em vigor e aplic\u00e1veis a todo o momento, garantindo a correcta utiliza\u00e7\u00e3o e tratamento dos dados pessoais do utilizador. bem como o Regulamento Geral de Protec\u00e7\u00e3o de Dados que entra em vigor em 25 de Maio de 2018. Do mesmo modo, a nossa empresa cumpre a Lei 34\/2002 de 11 de Julho, sobre Servi\u00e7os da Sociedade da Informa\u00e7\u00e3o e Com\u00e9rcio Electr\u00f3nico e solicitar\u00e1 o seu consentimento para o processamento do seu correio electr\u00f3nico para fins comerciais em qualquer altura. Se precisar de nos contactar, pode faz\u00ea-lo escrevendo para o nosso endere\u00e7o de correio electr\u00f3nico. Informamos que o nosso s\u00edtio web e o neg\u00f3cio por detr\u00e1s do mesmo est\u00e1 em conformidade com os regulamentos espanh\u00f3is e europeus de protec\u00e7\u00e3o de dados em vigor.<\/span><\/div><\/div><div data-id=\"d7cbde5\" data-element_type=\"widget\" data-widget_type=\"text-editor.default\"><div data-id=\"5903e09\" data-element_type=\"widget\" data-widget_type=\"text-editor.default\"><h2>1.-Respons\u00e1vel pelo tratamento de dados pessoais:<\/h2><p>A nossa empresa \u00e9 respons\u00e1vel pelo tratamento dos dados recolhidos atrav\u00e9s do nosso website.<\/p><h2>2.- Objectivo do tratamento de dados pessoais:<\/h2><p>Para que possa navegar no nosso website, n\u00e3o \u00e9 necess\u00e1rio que nos forne\u00e7a quaisquer dados. Os casos em que nos d\u00e1 os seus dados s\u00e3o os seguintes:<\/p><ul><li>Ao subscrever a nossa newsletter.<\/li><li>Quando nos escreve utilizando o formul\u00e1rio de contacto.<\/li><li>Quando nos envia um e-mail.<\/li><li>Quando compra um dos nossos servi\u00e7os.<\/li><li>Quando \u00e9 nosso cliente, fornecedor ou colaborador.<\/li><\/ul><p>Em cada caso, os seus dados podem ser incorporados num ficheiro, pelo qual a nossa empresa \u00e9 respons\u00e1vel pela sua gest\u00e3o e processamento. A seguran\u00e7a dos seus dados \u00e9 garantida, uma vez que tomamos todas as medidas de seguran\u00e7a necess\u00e1rias. S\u00f3 utilizaremos estes dados para os fins para os quais nos foram fornecidos. Especificamente, quando subscrever a nossa newsletter, receber\u00e1 not\u00edcias sobre o nosso website, informa\u00e7\u00f5es comerciais e\/ou publicit\u00e1rias sobre os nossos servi\u00e7os e conte\u00fados promocionais relacionados com outros profissionais que consideramos que possam ser de interesse. N\u00e3o se preocupe, n\u00e3o iremos transmitir os seus dados a terceiros. Os dados pessoais fornecidos ser\u00e3o mantidos enquanto a rela\u00e7\u00e3o comercial entre as duas partes for mantida ou at\u00e9 que nos pe\u00e7a para os apagarmos.<\/p><h2>3.- Legitima\u00e7\u00e3o:<\/h2><p>A legitimidade para a utiliza\u00e7\u00e3o dos seus dados pessoais deriva exclusivamente do seu consentimento livre, espec\u00edfico, informado e inequ\u00edvoco. Tem o direito de retirar o seu consentimento em qualquer altura.<\/p><h2>4.- Grupo destinat\u00e1rio:<\/h2><p>Contrat\u00e1mos os seguintes prestadores de servi\u00e7os externos para o processamento de dados, que cumprem os regulamentos de protec\u00e7\u00e3o de dados em vigor:<\/p><ul><li>IONOS, fornece-nos servi\u00e7os de alojamento. Pode consultar a pol\u00edtica de privacidade e outros aspectos legais desta empresa no seu website: ionos.es<\/li><\/ul><h2>Pode contactar-nos atrav\u00e9s de:<\/h2><p>Formul\u00e1rio de contacto e colabora\u00e7\u00e3o: permitindo ao utilizador enviar os seus dados pessoais encriptados atrav\u00e9s de formul\u00e1rios de contacto padr\u00e3o, alojados nos nossos servidores web, contratados para o nosso alojamento.<br \/>E-mail: Ao nosso correio electr\u00f3nico atrav\u00e9s do nosso prestador de servi\u00e7os de correio electr\u00f3nico.<\/p><p>Tanto no caso da recolha de dados atrav\u00e9s do formul\u00e1rio de contacto como do correio electr\u00f3nico, o objectivo do tratamento destes dados ser\u00e1 unicamente responder \u00e0 consulta que nos fizer como utilizador.<\/p><p>Redes sociais: A nossa empresa tem um perfil nas principais redes sociais (Facebook, Twitter, Instagram), reconhecendo-se em todos os casos respons\u00e1vel pelo processamento dos dados dos seus seguidores, f\u00e3s, assinantes, comentadores e outros perfis de utilizadores. O tratamento que a nossa empresa realizar\u00e1 com tais dados ser\u00e1, no m\u00e1ximo, aquele que a rede social permite aos perfis das empresas.<\/p><p>No momento da recolha dos dados, ser\u00e1 indicada a natureza volunt\u00e1ria ou obrigat\u00f3ria dos dados. Aceita\u00e7\u00e3o da pol\u00edtica de privacidade, atrav\u00e9s do procedimento de duplo opt-in estabelecido na subscri\u00e7\u00e3o do boletim informativo e clicando no bot\u00e3o &#8220;Enviar&#8221; no formul\u00e1rio de contacto e colabora\u00e7\u00e3o, aceitando previamente a pol\u00edtica de privacidade, deve ser entendida para todos os efeitos como a presta\u00e7\u00e3o de consentimento expresso e inequ\u00edvoco (artigo 6\u00ba da LOPD) do utilizador ao tratamento de dados pessoais nos termos estabelecidos na presente Pol\u00edtica de Privacidade, bem como \u00e0 transfer\u00eancia internacional de dados que ocorra devido \u00e0 localiza\u00e7\u00e3o f\u00edsica das instala\u00e7\u00f5es dos prestadores de servi\u00e7os e dos processadores de dados a seguir mencionados. Em nenhuma circunst\u00e2ncia estes dados ser\u00e3o atribu\u00eddos, partilhados, transferidos ou vendidos a terceiros.<\/p><h2>Medidas de seguran\u00e7a em vigor<\/h2><p>O nosso website implementou as medidas de seguran\u00e7a t\u00e9cnicas e organizacionais necess\u00e1rias para garantir a seguran\u00e7a dos seus dados pessoais e para evitar a sua altera\u00e7\u00e3o, perda e tratamento e\/ou acesso n\u00e3o autorizado, tendo em conta o estado da tecnologia, a natureza dos dados armazenados e os riscos a que est\u00e3o expostos, quer por ac\u00e7\u00e3o humana quer por ac\u00e7\u00e3o do ambiente f\u00edsico ou natural. <strong>Como pode exercer os seus Direitos ARCO: Acesso, Rectifica\u00e7\u00e3o, Cancelamento e Oposi\u00e7\u00e3o?<\/strong><\/p><ul><li>Se forneceu os seus dados atrav\u00e9s do nosso website, poder\u00e1 contactar a nossa empresa e exercer os seus direitos de acesso, rectifica\u00e7\u00e3o, cancelamento e oposi\u00e7\u00e3o gratuitamente no que diz respeito aos dados inclu\u00eddos nos nossos ficheiros.<\/li><li>Pode faz\u00ea-lo escrevendo-nos com o assunto &#8220;Protec\u00e7\u00e3o de Dados&#8221;, especificando os seus dados, provando a sua identidade e as raz\u00f5es do seu pedido, e enviando-o para o nosso endere\u00e7o electr\u00f3nico ou para o endere\u00e7o postal indicado acima.<\/li><li>Se desejar contactar-nos, como utilizador deve fornecer o seu endere\u00e7o de correio electr\u00f3nico, e pode declarar que n\u00e3o deseja receber qualquer tipo de comunica\u00e7\u00e3o que a nossa empresa possa enviar, desde que n\u00e3o esteja estritamente ligada \u00e0 finalidade para a qual o servi\u00e7o foi solicitado.<br \/>Al\u00e9m disso, se tiver subscrito a lista de correio no nosso s\u00edtio web, fornecer-lhe-emos os mecanismos apropriados para cancelar a sua subscri\u00e7\u00e3o, se assim o desejar.<\/li><\/ul><p><strong>Quem \u00e9 o controlador dos dados, e quem s\u00e3o os processadores de dados?<\/strong> A nossa empresa \u00e9 respons\u00e1vel pelo ficheiro de dados.<\/p><h2>Links<\/h2><p>O nosso website pode incluir links para outros websites que n\u00e3o s\u00e3o operados ou controlados pela nossa empresa e n\u00e3o garantimos nem aceitamos qualquer responsabilidade pela legalidade, fiabilidade, utilidade, exactid\u00e3o ou actualidade do conte\u00fado de tais websites ou das suas pr\u00e1ticas de privacidade. Neste sentido, a inclus\u00e3o de uma liga\u00e7\u00e3o n\u00e3o implica qualquer recomenda\u00e7\u00e3o da nossa parte. Por conseguinte, recomendamos que leia as pol\u00edticas de privacidade inclu\u00eddas em tais s\u00edtios.<\/p><h2>Menores<\/h2><p>O nosso s\u00edtio web n\u00e3o se destina a menores, e n\u00e3o aceitamos qualquer responsabilidade pelo n\u00e3o cumprimento deste requisito.<\/p><h2>Navega\u00e7\u00e3o an\u00f3nima<\/h2><p>A nossa empresa apenas obt\u00e9m, mas n\u00e3o ret\u00e9m, as seguintes informa\u00e7\u00f5es sobre os visitantes do nosso website:<\/p><ul><li>O nome de dom\u00ednio do fornecedor (ISP) que lhes d\u00e1 acesso \u00e0 rede. Isto permite-nos compilar estat\u00edsticas sobre pa\u00edses e servidores que visitam frequentemente o nosso s\u00edtio web.<\/li><li>A data e hora de acesso ao nosso s\u00edtio web. Isto permite-nos descobrir os hor\u00e1rios mais movimentados, e fazer os ajustamentos necess\u00e1rios para evitar problemas de satura\u00e7\u00e3o nas horas de ponta.<\/li><li>O endere\u00e7o da Internet a partir do qual a liga\u00e7\u00e3o ao nosso s\u00edtio web teve origem. Desta forma, podemos conhecer a efic\u00e1cia das liga\u00e7\u00f5es que apontam para o nosso servidor.<\/li><li>O n\u00famero de visitantes di\u00e1rios a cada sec\u00e7\u00e3o. Isto permite-nos conhecer as \u00e1reas de maior sucesso e aumentar e melhorar o seu conte\u00fado, de modo a que o utilizador, como utilizador, obtenha um resultado mais satisfat\u00f3rio.<\/li><\/ul><p>Portanto, a informa\u00e7\u00e3o obtida \u00e9 completamente an\u00f3nima e, em caso algum, pode ser associada a um utilizador espec\u00edfico e identificado.<\/p><h2>Modifica\u00e7\u00e3o da Pol\u00edtica de Privacidade<\/h2><p>A nossa empresa reserva-se o direito de modificar a sua Pol\u00edtica de Privacidade, de acordo com os seus pr\u00f3prios crit\u00e9rios, ou motivada por uma altera\u00e7\u00e3o legislativa, jurisprudencial ou doutrinal no dom\u00ednio da Protec\u00e7\u00e3o de Dados. A utiliza\u00e7\u00e3o da Web ap\u00f3s tais altera\u00e7\u00f5es implicar\u00e1 a aceita\u00e7\u00e3o do mesmo.<\/p><h2>Cookies<\/h2><p>Este website utiliza os seus pr\u00f3prios cookies e cookies de terceiros para melhorar a experi\u00eancia de navega\u00e7\u00e3o do utilizador. Se tiver acedido e continuar a navegar, aceita a instala\u00e7\u00e3o destes cookies. Se n\u00e3o os aceitar, explicamos abaixo como desactiv\u00e1-los. O <strong>que s\u00e3o cookies?<\/strong><\/p><ul><li>Os cookies s\u00e3o ficheiros de texto inofensivos que s\u00e3o armazenados no seu browser quando visita praticamente qualquer website.<\/li><li>A utilidade dos cookies \u00e9 que o website \u00e9 capaz de se lembrar da sua visita quando voltar a navegar nessa p\u00e1gina, facilitando a sua utiliza\u00e7\u00e3o e a experi\u00eancia do utilizador, sendo em alguns casos essencial para o funcionamento do website.<\/li><\/ul><p><strong>Como \u00e9 que o fazem?<\/strong><\/p><ul><li>Armazenar os h\u00e1bitos de navega\u00e7\u00e3o do utilizador para esse website em particular.<\/li><li>Por exemplo, se entrar num website que lhe d\u00e1 a op\u00e7\u00e3o de o ler em duas l\u00ednguas, ao escolher uma delas, ser\u00e1 instalado um cookie que se lembra dessa op\u00e7\u00e3o para que n\u00e3o tenha de a repetir sempre que aceda a ela.<\/li><li>N\u00e3o fique nervoso, em caso algum os cookies armazenam as suas informa\u00e7\u00f5es pessoais, dados de contacto, dados banc\u00e1rios ou similares, apenas armazenam dados t\u00e9cnicos, prefer\u00eancias pessoais, personaliza\u00e7\u00e3o de conte\u00fados, etc.<\/li><li>O servidor web n\u00e3o o associa como pessoa mas sim com o seu navegador web. De facto, se normalmente navegar com o Internet Explorer e tentar navegar no mesmo website com Firefox ou Chrome, ver\u00e1 que o website n\u00e3o se apercebe que \u00e9 a mesma pessoa porque na realidade est\u00e1 a associar o browser, n\u00e3o a pessoa.<\/li><\/ul><p>TA sua privacidade est\u00e1 totalmente assegurada. Quais s\u00e3o as que o nosso <strong>s\u00edtio Web<\/strong> utiliza?\u00a0Podemos utilizar cookies tempor\u00e1rios (que expiram quando fecha o seu navegador) e cookies persistentes (que permanecem no seu computador at\u00e9 os eliminar) para lhe oferecer uma experi\u00eancia mais pessoal e interactiva. No nosso website utilizamos v\u00e1rios tipos de cookies (t\u00e9cnicos, anal\u00edticos e sociais) com a \u00fanica finalidade de melhorar a navega\u00e7\u00e3o do utilizador e sem recolher quaisquer dados pessoais. Todos os cookies, excepto alguns dos nossos utilizados no funcionamento t\u00e9cnico do s\u00edtio web e os utilizados pelo sistema de estat\u00edsticas Google Analytics, s\u00e3o tempor\u00e1rios e desaparecem no final da sess\u00e3o. Algumas p\u00e1ginas do website apresentam conte\u00fados incorporados ou invocados atrav\u00e9s dos quais podem ser instalados cookies de terceiros. Quando inclu\u00edmos este conte\u00fado no nosso website, asseguramos que o \u00fanico objectivo destes cookies \u00e9 t\u00e9cnico. Os terceiros que fornecem o conte\u00fado podem decidir alterar a finalidade destes cookies, pelo que revemos estas p\u00e1ginas de vez em quando.\u00a0<strong>No caso deste website, os cookies que utilizamos s\u00e3o:<\/strong><\/p><ul><li><p><strong>Cookies t\u00e9cnicos:<\/strong> Para al\u00e9m dos nossos pr\u00f3prios cookies t\u00e9cnicos (gerados pelo nosso website) essenciais para o funcionamento do website, nos quais existem cookies persistentes e tempor\u00e1rios, temos outros cookies de terceiros (gerados por servi\u00e7os ou fornecedores externos, tais como Facebook, Twitter, Google, etc.) Dever\u00e1 tamb\u00e9m saber que este website est\u00e1 alojado na plataforma WordPress, e pode consultar a sua pol\u00edtica de cookies em: https:\/\/goo.gl\/vzkvgy<\/p><\/li><li><strong>Cookies anal\u00edticos:<\/strong> S\u00e3o cookies de terceiros, especificamente os instaladospelo Google Analytics, geridos pelo Google, Inc. A sua fun\u00e7\u00e3o \u00e9 quantificar o n\u00famero de visitantes do website e realizar uma an\u00e1lise estat\u00edstica, com o objectivo de nos permitir conhecer os conte\u00fados que mais interessam aos visitantes deste website. S\u00e3o tempor\u00e1rios, pelo que ser\u00e3o apagados quando sair do s\u00edtio web. Google Inc. \u00e9 uma empresa que adere ao Acordo Safe Harbour, que garante que todos os dados transferidos ser\u00e3o tratados com um n\u00edvel de protec\u00e7\u00e3o de acordo com os regulamentos europeus. Pode consultar informa\u00e7\u00f5es detalhadas a este respeito neste link: http:\/\/goo.gl\/3fhAoW. Pode obter mais informa\u00e7\u00f5es neste link no s\u00edtio web do Google: https:\/\/goo.gl\/0lZojJ.<\/li><\/ul><p>Como se podem desactivar os cookies?\u00a0Em qualquer caso, pode desactivar tudo isto em qualquer altura a partir do seu navegador. Aqui est\u00e3o os links que explicam como faz\u00ea-lo a partir dos navegadores mais comuns:<\/p><ul><li><strong>Cookies sociais:<\/strong> Ocasionalmente, o nosso website pode utilizar add-ons para facilitar a partilha de conte\u00fados em redes sociais (Facebook, Google+, YouTube, Twitter, LinkedIn, Addthis, Sumome, etc.), gerados apenas para utilizadores destas redes sociais e utilizados para que os utilizadores possam interagir com o conte\u00fado das diferentes redes sociais. As condi\u00e7\u00f5es de utiliza\u00e7\u00e3o destes cookies e as informa\u00e7\u00f5es recolhidas s\u00e3o reguladas pela pol\u00edtica de privacidade da plataforma social correspondente. A sua temporalidade e o seu objectivo dependem de cada rede social.<\/li><li>Firefox: https:\/\/goo.gl\/YCP0Sl<\/li><li>Safari: https:\/\/goo.gl\/UBdvRY<\/li><li>Google Chrome: https:\/\/goo.gl\/xyCDPK<\/li><li>Internet Explorer: http:\/\/goo.gl\/QLa6Ay<\/li><li>Opera: http:\/\/goo.gl\/zk5XGM<\/li><\/ul><p>Para aceder \u00e0s defini\u00e7\u00f5es de cookies do navegador para dispositivos Android, siga estes passos (podem variar dependendo da vers\u00e3o do navegador):<\/p><p>Iniciar o navegador e premir a tecla &#8220;Menu&#8221;, depois &#8220;Settings&#8221;.<br \/>Ir para &#8220;Seguran\u00e7a e Privacidade&#8221;, ver\u00e1 a op\u00e7\u00e3o &#8220;Aceitar cookies&#8221; para activar ou desactivar a caixa de verifica\u00e7\u00e3o.<\/p><ul><li>Para aceder \u00e0s defini\u00e7\u00f5es de cookies do seu navegador para dispositivos Windows Phone siga estes passos (podem variar dependendo da vers\u00e3o do navegador):<\/li><\/ul><p>Abrir Internet Explorer, depois &#8220;Mais&#8221;, depois &#8220;Defini\u00e7\u00f5es&#8221;.<br \/>Pode agora marcar ou desmarcar a caixa &#8220;Permitir&#8221;.<\/p><ul><li>Existem ferramentas de terceiros que permitem aos utilizadores detectar cookies em cada website que visitarem e gerir a sua desactiva\u00e7\u00e3o.<\/li><li>Nem este website nem os seus representantes legais s\u00e3o respons\u00e1veis pelo conte\u00fado ou pela veracidade das pol\u00edticas de privacidade dos terceiros mencionados na presente Pol\u00edtica de Cookies.<\/li><\/ul><p>Os browsers s\u00e3o as ferramentas respons\u00e1veis pelo armazenamento de cookies e a partir destes browsers deve exercer o seu direito de os apagar ou desactivar.<br \/>Em alguns casos \u00e9 necess\u00e1rio instalar cookies para que o navegador n\u00e3o se esque\u00e7a da sua decis\u00e3o de n\u00e3o os aceitar.<\/p><p>A aceita\u00e7\u00e3o desta Pol\u00edtica de Cookie implica que, como utilizador, tenha sido claramente informado sobre a utiliza\u00e7\u00e3o de dispositivos de armazenamento e recupera\u00e7\u00e3o de dados (cookies) e que a nossa empresa tenha o seu consentimento para a utiliza\u00e7\u00e3o de cookies. Se tiver quaisquer d\u00favidas ou perguntas sobre esta Pol\u00edtica de Cookies, escreva-nos utilizando o formul\u00e1rio de contacto ou por e-mail e responderemos o mais rapidamente poss\u00edvel.\u00a0\u00daltima actualiza\u00e7\u00e3o dos Cookies: 18 de Maio de 2022<\/p><\/div><\/div>\t\t\t\t\t\t\t\t<\/div>\n\t\t\t\t<\/div>\n\t\t\t\t\t<\/div>\n\t\t<\/div>\n\t\t\t\t\t<\/div>\n\t\t<\/section>\n\t\t\t\t<\/div>\n\t\t","protected":false},"excerpt":{"rendered":"<p>S\u00edtio Web: turismoguadalcanal o nosso s\u00edtio web&#8221; Email:\u00a0\u00a0guadalcanal@dipusevilla.es, en adelante &#8220;O nosso endere\u00e7o electr\u00f3nico: Endere\u00e7o: Pl. Espana, 1, 41390 Guadalcanal, Sevilha, Espanha Para navegar no nosso website n\u00e3o necessita de fornecer quaisquer dados, o nosso website cumpre os regulamentos de protec\u00e7\u00e3o de dados, ou seja, a Lei 15\/1999 de 13 de Dezembro sobre a Protec\u00e7\u00e3o [&hellip;]<\/p>\n","protected":false},"author":1,"featured_media":0,"parent":0,"menu_order":0,"comment_status":"closed","ping_status":"closed","template":"","meta":{"footnotes":""},"class_list":["post-7561","page","type-page","status-publish","hentry"],"_links":{"self":[{"href":"https:\/\/turismoguadalcanal.com\/pt-pt\/wp-json\/wp\/v2\/pages\/7561","targetHints":{"allow":["GET"]}}],"collection":[{"href":"https:\/\/turismoguadalcanal.com\/pt-pt\/wp-json\/wp\/v2\/pages"}],"about":[{"href":"https:\/\/turismoguadalcanal.com\/pt-pt\/wp-json\/wp\/v2\/types\/page"}],"author":[{"embeddable":true,"href":"https:\/\/turismoguadalcanal.com\/pt-pt\/wp-json\/wp\/v2\/users\/1"}],"replies":[{"embeddable":true,"href":"https:\/\/turismoguadalcanal.com\/pt-pt\/wp-json\/wp\/v2\/comments?post=7561"}],"version-history":[{"count":4,"href":"https:\/\/turismoguadalcanal.com\/pt-pt\/wp-json\/wp\/v2\/pages\/7561\/revisions"}],"predecessor-version":[{"id":7659,"href":"https:\/\/turismoguadalcanal.com\/pt-pt\/wp-json\/wp\/v2\/pages\/7561\/revisions\/7659"}],"wp:attachment":[{"href":"https:\/\/turismoguadalcanal.com\/pt-pt\/wp-json\/wp\/v2\/media?parent=7561"}],"curies":[{"name":"wp","href":"https:\/\/api.w.org\/{rel}","templated":true}]}}